{"id":2,"date":"2024-08-30T13:21:37","date_gmt":"2024-08-30T11:21:37","guid":{"rendered":"https:\/\/www.guerande-cosmetiques.com\/blog\/?page_id=2"},"modified":"2025-01-21T15:20:23","modified_gmt":"2025-01-21T14:20:23","slug":"page-d-exemple","status":"publish","type":"page","link":"https:\/\/www.guerande-cosmetiques.com\/blog\/","title":{"rendered":"Page d\u2019accueil"},"content":{"rendered":"\n<p>Ceci est une page d\u2019exemple. C\u2019est diff\u00e9rent d\u2019un article de blog parce qu\u2019elle restera au m\u00eame endroit et appara\u00eetra dans la navigation de votre site (dans la plupart des th\u00e8mes). La plupart des gens commencent par une page \u00ab\u00a0\u00c0 propos\u00a0\u00bb qui les pr\u00e9sente aux personnes visitant le site. Cela pourrait ressembler \u00e0 <\/p>\n\n\n\n<p><\/p>\n","protected":false},"excerpt":{"rendered":"Ceci est une page d\u2019exemple. C\u2019est diff\u00e9rent d\u2019un article de blog parce qu\u2019elle restera au m\u00eame endroit et appara\u00eetra dans la navigation de votre site (dans la plupart des th\u00e8mes). La plupart des gens commencent par une page \u00ab\u00a0\u00c0 propos\u00a0\u00bb qui les pr\u00e9sente aux personnes visitant le site. Cela pourrait ressembler \u00e0","protected":false},"author":1,"featured_media":0,"parent":0,"menu_order":0,"comment_status":"closed","ping_status":"closed","template":"page-home.php","meta":{"footnotes":""},"class_list":["post-2","page","type-page","status-publish","hentry","col-12","col-md-6 col-lg-4"],"yoast_head":"<!-- This site is optimized with the Yoast SEO plugin v24.3 - https:\/\/yoast.com\/wordpress\/plugins\/seo\/ -->\n<title>Page d&#039;accueil - Guerande Cosm\u00e9tiques<\/title>\n<meta name=\"robots\" content=\"index, follow, max-snippet:-1, max-image-preview:large, max-video-preview:-1\" \/>\n<link rel=\"canonical\" href=\"https:\/\/www.guerande-cosmetiques.com\/blog\/\" \/>\n<meta property=\"og:locale\" content=\"fr_FR\" \/>\n<meta property=\"og:type\" content=\"article\" \/>\n<meta property=\"og:title\" content=\"Page d&#039;accueil - Guerande Cosm\u00e9tiques\" \/>\n<meta property=\"og:description\" content=\"Ceci est une page d\u2019exemple. C\u2019est diff\u00e9rent d\u2019un article de blog parce qu\u2019elle restera au m\u00eame endroit et appara\u00eetra dans la navigation de votre site (dans la plupart des th\u00e8mes). La plupart des gens commencent par une page \u00ab\u00a0\u00c0 propos\u00a0\u00bb qui les pr\u00e9sente aux personnes visitant le site. Cela pourrait ressembler \u00e0\" \/>\n<meta property=\"og:url\" content=\"https:\/\/www.guerande-cosmetiques.com\/blog\/\" \/>\n<meta property=\"og:site_name\" content=\"Guerande Cosm\u00e9tiques\" \/>\n<meta property=\"article:modified_time\" content=\"2025-01-21T14:20:23+00:00\" \/>\n<meta name=\"twitter:card\" content=\"summary_large_image\" \/>\n<meta name=\"twitter:label1\" content=\"Dur\u00e9e de lecture estim\u00e9e\" \/>\n\t<meta name=\"twitter:data1\" content=\"1 minute\" \/>\n<script type=\"application\/ld+json\" class=\"yoast-schema-graph\">{\"@context\":\"https:\/\/schema.org\",\"@graph\":[{\"@type\":\"WebPage\",\"@id\":\"https:\/\/www.guerande-cosmetiques.com\/blog\/\",\"url\":\"https:\/\/www.guerande-cosmetiques.com\/blog\/\",\"name\":\"Page d'accueil - Guerande Cosm\u00e9tiques\",\"isPartOf\":{\"@id\":\"https:\/\/www.guerande-cosmetiques.com\/blog\/#website\"},\"datePublished\":\"2024-08-30T11:21:37+00:00\",\"dateModified\":\"2025-01-21T14:20:23+00:00\",\"breadcrumb\":{\"@id\":\"https:\/\/www.guerande-cosmetiques.com\/blog\/#breadcrumb\"},\"inLanguage\":\"fr-FR\",\"potentialAction\":[{\"@type\":\"ReadAction\",\"target\":[\"https:\/\/www.guerande-cosmetiques.com\/blog\/\"]}]},{\"@type\":\"BreadcrumbList\",\"@id\":\"https:\/\/www.guerande-cosmetiques.com\/blog\/#breadcrumb\",\"itemListElement\":[{\"@type\":\"ListItem\",\"position\":1,\"name\":\"Home\",\"item\":\"http:\/\/gue.local\/blog\/\"},{\"@type\":\"ListItem\",\"position\":2,\"name\":\"Page d\u2019accueil\"}]},{\"@type\":\"WebSite\",\"@id\":\"https:\/\/www.guerande-cosmetiques.com\/blog\/#website\",\"url\":\"https:\/\/www.guerande-cosmetiques.com\/blog\/\",\"name\":\"Guerande Cosm\u00e9tiques\",\"description\":\"\",\"potentialAction\":[{\"@type\":\"SearchAction\",\"target\":{\"@type\":\"EntryPoint\",\"urlTemplate\":\"https:\/\/www.guerande-cosmetiques.com\/blog\/?s={search_term_string}\"},\"query-input\":{\"@type\":\"PropertyValueSpecification\",\"valueRequired\":true,\"valueName\":\"search_term_string\"}}],\"inLanguage\":\"fr-FR\"}]}<\/script>\n<!-- \/ Yoast SEO plugin. -->","yoast_head_json":{"title":"Page d'accueil - Guerande Cosm\u00e9tiques","robots":{"index":"index","follow":"follow","max-snippet":"max-snippet:-1","max-image-preview":"max-image-preview:large","max-video-preview":"max-video-preview:-1"},"canonical":"https:\/\/www.guerande-cosmetiques.com\/blog\/","og_locale":"fr_FR","og_type":"article","og_title":"Page d'accueil - Guerande Cosm\u00e9tiques","og_description":"Ceci est une page d\u2019exemple. C\u2019est diff\u00e9rent d\u2019un article de blog parce qu\u2019elle restera au m\u00eame endroit et appara\u00eetra dans la navigation de votre site (dans la plupart des th\u00e8mes). La plupart des gens commencent par une page \u00ab\u00a0\u00c0 propos\u00a0\u00bb qui les pr\u00e9sente aux personnes visitant le site. Cela pourrait ressembler \u00e0","og_url":"https:\/\/www.guerande-cosmetiques.com\/blog\/","og_site_name":"Guerande Cosm\u00e9tiques","article_modified_time":"2025-01-21T14:20:23+00:00","twitter_card":"summary_large_image","twitter_misc":{"Dur\u00e9e de lecture estim\u00e9e":"1 minute"},"schema":{"@context":"https:\/\/schema.org","@graph":[{"@type":"WebPage","@id":"https:\/\/www.guerande-cosmetiques.com\/blog\/","url":"https:\/\/www.guerande-cosmetiques.com\/blog\/","name":"Page d'accueil - Guerande Cosm\u00e9tiques","isPartOf":{"@id":"https:\/\/www.guerande-cosmetiques.com\/blog\/#website"},"datePublished":"2024-08-30T11:21:37+00:00","dateModified":"2025-01-21T14:20:23+00:00","breadcrumb":{"@id":"https:\/\/www.guerande-cosmetiques.com\/blog\/#breadcrumb"},"inLanguage":"fr-FR","potentialAction":[{"@type":"ReadAction","target":["https:\/\/www.guerande-cosmetiques.com\/blog\/"]}]},{"@type":"BreadcrumbList","@id":"https:\/\/www.guerande-cosmetiques.com\/blog\/#breadcrumb","itemListElement":[{"@type":"ListItem","position":1,"name":"Home","item":"http:\/\/gue.local\/blog\/"},{"@type":"ListItem","position":2,"name":"Page d\u2019accueil"}]},{"@type":"WebSite","@id":"https:\/\/www.guerande-cosmetiques.com\/blog\/#website","url":"https:\/\/www.guerande-cosmetiques.com\/blog\/","name":"Guerande Cosm\u00e9tiques","description":"","potentialAction":[{"@type":"SearchAction","target":{"@type":"EntryPoint","urlTemplate":"https:\/\/www.guerande-cosmetiques.com\/blog\/?s={search_term_string}"},"query-input":{"@type":"PropertyValueSpecification","valueRequired":true,"valueName":"search_term_string"}}],"inLanguage":"fr-FR"}]}},"_links":{"self":[{"href":"https:\/\/www.guerande-cosmetiques.com\/blog\/wp-json\/wp\/v2\/pages\/2","targetHints":{"allow":["GET"]}}],"collection":[{"href":"https:\/\/www.guerande-cosmetiques.com\/blog\/wp-json\/wp\/v2\/pages"}],"about":[{"href":"https:\/\/www.guerande-cosmetiques.com\/blog\/wp-json\/wp\/v2\/types\/page"}],"author":[{"embeddable":true,"href":"https:\/\/www.guerande-cosmetiques.com\/blog\/wp-json\/wp\/v2\/users\/1"}],"replies":[{"embeddable":true,"href":"https:\/\/www.guerande-cosmetiques.com\/blog\/wp-json\/wp\/v2\/comments?post=2"}],"version-history":[{"count":1,"href":"https:\/\/www.guerande-cosmetiques.com\/blog\/wp-json\/wp\/v2\/pages\/2\/revisions"}],"predecessor-version":[{"id":62,"href":"https:\/\/www.guerande-cosmetiques.com\/blog\/wp-json\/wp\/v2\/pages\/2\/revisions\/62"}],"wp:attachment":[{"href":"https:\/\/www.guerande-cosmetiques.com\/blog\/wp-json\/wp\/v2\/media?parent=2"}],"curies":[{"name":"wp","href":"https:\/\/api.w.org\/{rel}","templated":true}]}}